{"id":10,"date":"2023-08-30T09:35:08","date_gmt":"2023-08-30T09:35:08","guid":{"rendered":"https:\/\/partisani.net\/?page_id=10"},"modified":"2023-08-30T09:35:08","modified_gmt":"2023-08-30T09:35:08","slug":"hello-dobrodosli","status":"publish","type":"page","link":"https:\/\/partisani.net\/?page_id=10","title":{"rendered":"Hello! Dobrodo\u0161li!"},"content":{"rendered":"\n<p><strong>Welcome to the World of Tito and Yugoslav Music!<\/strong><\/p>\n\n\n\n<figure class=\"wp-block-embed is-type-video is-provider-youtube wp-block-embed-youtube wp-embed-aspect-16-9 wp-has-aspect-ratio\"><div class=\"wp-block-embed__wrapper\">\n<iframe loading=\"lazy\" title=\"Stoja - Ziveo - (Audio 2003)\" width=\"500\" height=\"281\" src=\"https:\/\/www.youtube.com\/embed\/26iO_kqHpkk?feature=oembed\" frameborder=\"0\" allow=\"accelerometer; autoplay; clipboard-write; encrypted-media; gyroscope; picture-in-picture; web-share\" referrerpolicy=\"strict-origin-when-cross-origin\" allowfullscreen><\/iframe>\n<\/div><\/figure>\n\n\n\n<p class=\"has-text-align-center\"> \ud83c\udfb6 Welcome to our blog dedicated to Tito and Yugoslav Music! \ud83c\udfb6<\/p>\n\n\n\n<figure class=\"wp-block-image aligncenter size-full\"><img loading=\"lazy\" decoding=\"async\" width=\"345\" height=\"480\" src=\"https:\/\/partisani.net\/wp-content\/uploads\/2023\/08\/345px-Josip_Broz_Tito_uniform_portrait.jpg\" alt=\"\" class=\"wp-image-12\" srcset=\"https:\/\/partisani.net\/wp-content\/uploads\/2023\/08\/345px-Josip_Broz_Tito_uniform_portrait.jpg 345w, https:\/\/partisani.net\/wp-content\/uploads\/2023\/08\/345px-Josip_Broz_Tito_uniform_portrait-216x300.jpg 216w\" sizes=\"auto, (max-width: 345px) 100vw, 345px\" \/><\/figure>\n\n\n\n<p class=\"has-text-align-center\">We&#8217;re thrilled to have you join us on this nostalgic journey into the rich musical heritage of Yugoslavia, a time when the country&#8217;s melodies echoed through every corner of the region.<\/p>\n\n\n\n<p class=\"has-text-align-center\"><strong>\ud83c\udfb5 Immerse Yourself in the Melodies \ud83c\udfb5<\/strong><\/p>\n\n\n\n<p class=\"has-text-align-center\">Our blog is a tribute to the music that transcended borders, language barriers, and political divisions, bringing people together with its captivating rhythms and heartfelt lyrics. Whether you&#8217;re a long-time fan of Tito-era classics or someone curious to explore a musical era that left an indelible mark on the Balkans, you&#8217;ve come to the right place.<\/p>\n\n\n\n<p class=\"has-text-align-center\"><strong>\ud83d\udcda A Glimpse into History<\/strong><\/p>\n\n\n\n<p class=\"has-text-align-center\">Through our articles, interviews, and deep dives, we aim to unravel the stories behind the iconic songs, legendary artists, and the cultural tapestry that made up the Yugoslav music scene. From the infectious beats of pop and rock to the soul-stirring melodies of folk and traditional tunes, we&#8217;ll traverse the diverse soundscape that defined an era.<\/p>\n\n\n\n<p class=\"has-text-align-center\"> <strong>\ud83d\udce2<\/strong>Join us as we relive the tunes that soundtracked moments of joy, love, and unity. Whether you&#8217;re here to reminisce or discover something new, we&#8217;re excited to embark on this musical voyage with you. So, sit back, turn up the volume, and let the melodies of Tito and Yugoslav Music fill your heart and soul.<\/p>\n\n\n\n<p><\/p>\n\n\n\n<p class=\"has-text-align-center\"><strong>\ud83c\udf1f Stay Tuned!<\/strong><\/p>\n\n\n\n<p class=\"has-text-align-center\">We&#8217;re thrilled to have you join us on this musical expedition. Make sure to bookmark our blog and subscribe to stay updated with the latest articles, features, and insights into the world of Tito and Yugoslav Music. Whether you&#8217;re a longtime fan or new to the genre, there&#8217;s always something exciting to discover and discuss.<\/p>\n\n\n\n<p class=\"has-text-align-center\">Thank you for being a part of our journey into the captivating realm of Tito and Yugoslav Music!<\/p>\n\n\n\n<p class=\"has-text-align-center\">Yours melodiously,<\/p>\n\n\n\n<p class=\"has-text-align-center\">Partisani Team<\/p>\n\n\n\n<p><\/p>\n\n\n\n<figure class=\"wp-block-embed is-type-video is-provider-youtube wp-block-embed-youtube wp-embed-aspect-4-3 wp-has-aspect-ratio\"><div class=\"wp-block-embed__wrapper\">\n<iframe loading=\"lazy\" title=\"VideoSex - Detektivska pri\u010da (1984)\" width=\"500\" height=\"375\" src=\"https:\/\/www.youtube.com\/embed\/iacH2SfEJEY?list=PL3210BC42768C6A88\" frameborder=\"0\" allow=\"accelerometer; autoplay; clipboard-write; encrypted-media; gyroscope; picture-in-picture; web-share\" referrerpolicy=\"strict-origin-when-cross-origin\" allowfullscreen><\/iframe>\n<\/div><\/figure>\n\n\n\n<p><\/p>\n\n\n\n<p class=\"has-text-align-center\">\ud83c\udfb6 Willkommen auf unserem Blog, der Tito und jugoslawischer Musik gewidmet ist! \ud83c\udfb6<\/p>\n\n\n\n<figure class=\"wp-block-image aligncenter size-full\"><img loading=\"lazy\" decoding=\"async\" width=\"640\" height=\"441\" src=\"https:\/\/partisani.net\/wp-content\/uploads\/2023\/08\/640px-Riblja_Corba_2008.jpg\" alt=\"\" class=\"wp-image-13\" srcset=\"https:\/\/partisani.net\/wp-content\/uploads\/2023\/08\/640px-Riblja_Corba_2008.jpg 640w, https:\/\/partisani.net\/wp-content\/uploads\/2023\/08\/640px-Riblja_Corba_2008-300x207.jpg 300w\" sizes=\"auto, (max-width: 640px) 100vw, 640px\" \/><\/figure>\n\n\n\n<p class=\"has-text-align-center\">Wir freuen uns, dass Sie uns auf dieser nostalgischen Reise in das reiche musikalische Erbe Jugoslawiens begleiten, einer Zeit, in der die Melodien des Landes durch jeden Winkel der Region hallten.<\/p>\n\n\n\n<p class=\"has-text-align-center\">\ud83c\udfb5 Tauchen Sie ein in die Melodien \ud83c\udfb5<\/p>\n\n\n\n<p class=\"has-text-align-center\">Unser Blog ist eine Hommage an die Musik, die Grenzen, Sprachbarrieren und politische Spaltungen \u00fcberwunden hat und Menschen mit ihren fesselnden Rhythmen und herzlichen Texten zusammenbringt. Egal, ob Sie ein langj\u00e4hriger Fan von Klassikern aus der Tito-\u00c4ra sind oder jemand, der neugierig ist, eine musikalische \u00c4ra zu erkunden, die auf dem Balkan unausl\u00f6schliche Spuren hinterlassen hat, bei uns sind Sie richtig.<\/p>\n\n\n\n<p class=\"has-text-align-center\">\ud83d\udcda Ein Blick in die Geschichte<\/p>\n\n\n\n<p class=\"has-text-align-center\">Mit unseren Artikeln, Interviews und ausf\u00fchrlichen Einblicken wollen wir die Geschichten hinter den ikonischen Liedern, legend\u00e4ren K\u00fcnstlern und dem kulturellen Geflecht enth\u00fcllen, aus denen die jugoslawische Musikszene besteht. Von den ansteckenden Beats von Pop und Rock bis hin zu den mitrei\u00dfenden Melodien von Folk und traditionellen Melodien durchqueren wir die vielf\u00e4ltige Klanglandschaft, die eine \u00c4ra definiert hat.<\/p>\n\n\n\n<p class=\"has-text-align-center\">\ud83d\udce2Erleben Sie mit uns die Melodien, die Momente der Freude, Liebe und Einheit untermalten. Egal, ob Sie hier sind, um in Erinnerungen zu schwelgen oder etwas Neues zu entdecken, wir freuen uns, mit Ihnen auf diese musikalische Reise zu gehen. Lehnen Sie sich also zur\u00fcck, drehen Sie die Lautst\u00e4rke auf und lassen Sie die Melodien von Tito und der jugoslawischen Musik Ihr Herz und Ihre Seele erf\u00fcllen.<\/p>\n\n\n\n<p class=\"has-text-align-center\">\ud83c\udf1f Bleiben Sie dran!<\/p>\n\n\n\n<p class=\"has-text-align-center\">Wir freuen uns, dass Sie uns auf dieser musikalischen Expedition begleiten. Setzen Sie unbedingt ein Lesezeichen f\u00fcr unseren Blog und abonnieren Sie ihn, um \u00fcber die neuesten Artikel, Features und Einblicke in die Welt von Tito und der jugoslawischen Musik auf dem Laufenden zu bleiben. Egal, ob Sie ein langj\u00e4hriger Fan oder Neuling des Genres sind, es gibt immer etwas Spannendes zu entdecken und zu diskutieren.<\/p>\n\n\n\n<p class=\"has-text-align-center\">Vielen Dank, dass Sie Teil unserer Reise in das faszinierende Reich von Tito und der jugoslawischen Musik sind!<\/p>\n\n\n\n<p class=\"has-text-align-center\">Mit freundlichen Gr\u00fc\u00dfen,<\/p>\n\n\n\n<p class=\"has-text-align-center\">Partisani-Team<\/p>\n\n\n\n<p><\/p>\n\n\n\n<p><\/p>\n\n\n\n<figure class=\"wp-block-embed is-type-video is-provider-youtube wp-block-embed-youtube wp-embed-aspect-4-3 wp-has-aspect-ratio\"><div class=\"wp-block-embed__wrapper\">\n<iframe loading=\"lazy\" title=\"Djavoli - Ostani uz mene (Video 1988)\" width=\"500\" height=\"375\" src=\"https:\/\/www.youtube.com\/embed\/FCxjT9MV4gA?list=PL3210BC42768C6A88\" frameborder=\"0\" allow=\"accelerometer; autoplay; clipboard-write; encrypted-media; gyroscope; picture-in-picture; web-share\" referrerpolicy=\"strict-origin-when-cross-origin\" allowfullscreen><\/iframe>\n<\/div><\/figure>\n\n\n\n<p class=\"has-text-align-center\">\ud83c\udfb6 \u0414\u043e\u0431\u0440\u0435 \u0434\u043e\u0448\u043b\u0438 \u0432 \u043d\u0430\u0448\u0438\u044f \u0431\u043b\u043e\u0433, \u043f\u043e\u0441\u0432\u0435\u0442\u0435\u043d \u043d\u0430 \u0422\u0438\u0442\u043e \u0438 \u044e\u0433\u043e\u0441\u043b\u0430\u0432\u0441\u043a\u0430\u0442\u0430 \u043c\u0443\u0437\u0438\u043a\u0430! \ud83c\udfb6<\/p>\n\n\n\n<figure class=\"wp-block-image aligncenter size-full\"><img loading=\"lazy\" decoding=\"async\" width=\"400\" height=\"387\" src=\"https:\/\/partisani.net\/wp-content\/uploads\/2023\/08\/final-cauntdown.jpg\" alt=\"\" class=\"wp-image-14\" srcset=\"https:\/\/partisani.net\/wp-content\/uploads\/2023\/08\/final-cauntdown.jpg 400w, https:\/\/partisani.net\/wp-content\/uploads\/2023\/08\/final-cauntdown-300x290.jpg 300w\" sizes=\"auto, (max-width: 400px) 100vw, 400px\" \/><\/figure>\n\n\n\n<p class=\"has-text-align-center\">\u0420\u0430\u0434\u0432\u0430\u043c\u0435 \u0441\u0435 \u0434\u0430 \u0441\u0435 \u043f\u0440\u0438\u0441\u044a\u0435\u0434\u0438\u043d\u0438\u0442\u0435 \u043a\u044a\u043c \u043d\u0430\u0441 \u0432 \u0442\u043e\u0432\u0430 \u043d\u043e\u0441\u0442\u0430\u043b\u0433\u0438\u0447\u043d\u043e \u043f\u044a\u0442\u0435\u0448\u0435\u0441\u0442\u0432\u0438\u0435 \u0432 \u0431\u043e\u0433\u0430\u0442\u043e\u0442\u043e \u043c\u0443\u0437\u0438\u043a\u0430\u043b\u043d\u043e \u043d\u0430\u0441\u043b\u0435\u0434\u0441\u0442\u0432\u043e \u043d\u0430 \u042e\u0433\u043e\u0441\u043b\u0430\u0432\u0438\u044f, \u0432\u0440\u0435\u043c\u0435, \u043a\u043e\u0433\u0430\u0442\u043e \u043c\u0435\u043b\u043e\u0434\u0438\u0438\u0442\u0435 \u043d\u0430 \u0441\u0442\u0440\u0430\u043d\u0430\u0442\u0430 \u043e\u0442\u0435\u043a\u0432\u0430\u0445\u0430 \u0432\u044a\u0432 \u0432\u0441\u044f\u043a\u043e \u043a\u044a\u0442\u0447\u0435 \u043d\u0430 \u0440\u0435\u0433\u0438\u043e\u043d\u0430.<\/p>\n\n\n\n<p class=\"has-text-align-center\">\ud83c\udfb5 \u041f\u043e\u0442\u043e\u043f\u0435\u0442\u0435 \u0441\u0435 \u0432 \u043c\u0435\u043b\u043e\u0434\u0438\u0438\u0442\u0435 \ud83c\udfb5<\/p>\n\n\n\n<p class=\"has-text-align-center\">\u041d\u0430\u0448\u0438\u044f\u0442 \u0431\u043b\u043e\u0433 \u0435 \u043f\u043e\u0447\u0438\u0442 \u043a\u044a\u043c \u043c\u0443\u0437\u0438\u043a\u0430\u0442\u0430, \u043a\u043e\u044f\u0442\u043e \u043d\u0430\u0434\u0445\u0432\u044a\u0440\u043b\u0438 \u0433\u0440\u0430\u043d\u0438\u0446\u0438, \u0435\u0437\u0438\u043a\u043e\u0432\u0438 \u0431\u0430\u0440\u0438\u0435\u0440\u0438 \u0438 \u043f\u043e\u043b\u0438\u0442\u0438\u0447\u0435\u0441\u043a\u0438 \u0440\u0430\u0437\u0434\u0435\u043b\u0435\u043d\u0438\u044f, \u0441\u044a\u0431\u0438\u0440\u0430\u0439\u043a\u0438 \u0445\u043e\u0440\u0430\u0442\u0430 \u0437\u0430\u0435\u0434\u043d\u043e \u0441\u044a\u0441 \u0441\u0432\u043e\u0438\u0442\u0435 \u0437\u0430\u0432\u043b\u0430\u0434\u044f\u0432\u0430\u0449\u0438 \u0440\u0438\u0442\u043c\u0438 \u0438 \u043f\u0440\u043e\u0447\u0443\u0432\u0441\u0442\u0432\u0435\u043d\u0438 \u0442\u0435\u043a\u0441\u0442\u043e\u0432\u0435. \u041d\u0435\u0437\u0430\u0432\u0438\u0441\u0438\u043c\u043e \u0434\u0430\u043b\u0438 \u0441\u0442\u0435 \u0434\u044a\u043b\u0433\u043e\u0433\u043e\u0434\u0438\u0448\u0435\u043d \u0444\u0435\u043d \u043d\u0430 \u043a\u043b\u0430\u0441\u0438\u043a\u0430\u0442\u0430 \u043e\u0442 \u0435\u043f\u043e\u0445\u0430\u0442\u0430 \u043d\u0430 \u0422\u0438\u0442\u043e \u0438\u043b\u0438 \u043d\u044f\u043a\u043e\u0439, \u043a\u043e\u0439\u0442\u043e \u0435 \u043b\u044e\u0431\u043e\u043f\u0438\u0442\u0435\u043d \u0434\u0430 \u0438\u0437\u0441\u043b\u0435\u0434\u0432\u0430 \u0435\u0434\u043d\u0430 \u043c\u0443\u0437\u0438\u043a\u0430\u043b\u043d\u0430 \u0435\u043f\u043e\u0445\u0430, \u043e\u0441\u0442\u0430\u0432\u0438\u043b\u0430 \u043d\u0435\u0437\u0430\u043b\u0438\u0447\u0438\u043c\u0430 \u0441\u043b\u0435\u0434\u0430 \u043d\u0430 \u0411\u0430\u043b\u043a\u0430\u043d\u0438\u0442\u0435, \u0432\u0438\u0435 \u0441\u0442\u0435 \u043f\u043e\u043f\u0430\u0434\u043d\u0430\u043b\u0438 \u043d\u0430 \u043f\u0440\u0430\u0432\u0438\u043b\u043d\u043e\u0442\u043e \u043c\u044f\u0441\u0442\u043e.<\/p>\n\n\n\n<p class=\"has-text-align-center\">\ud83d\udcda \u041f\u043e\u0433\u043b\u0435\u0434 \u043a\u044a\u043c \u0438\u0441\u0442\u043e\u0440\u0438\u044f\u0442\u0430<\/p>\n\n\n\n<p class=\"has-text-align-center\">\u0427\u0440\u0435\u0437 \u043d\u0430\u0448\u0438\u0442\u0435 \u0441\u0442\u0430\u0442\u0438\u0438, \u0438\u043d\u0442\u0435\u0440\u0432\u044e\u0442\u0430 \u0438 \u0437\u0430\u0434\u044a\u043b\u0431\u043e\u0447\u0435\u043d\u0438 \u0433\u043c\u0443\u0440\u043a\u0430\u043d\u0438\u044f \u043d\u0438\u0435 \u0441\u0435 \u0441\u0442\u0440\u0435\u043c\u0438\u043c \u0434\u0430 \u0440\u0430\u0437\u0433\u0430\u0434\u0430\u0435\u043c \u0438\u0441\u0442\u043e\u0440\u0438\u0438\u0442\u0435 \u0437\u0430\u0434 \u0435\u043c\u0431\u043b\u0435\u043c\u0430\u0442\u0438\u0447\u043d\u0438\u0442\u0435 \u043f\u0435\u0441\u043d\u0438, \u043b\u0435\u0433\u0435\u043d\u0434\u0430\u0440\u043d\u0438\u0442\u0435 \u0438\u0437\u043f\u044a\u043b\u043d\u0438\u0442\u0435\u043b\u0438 \u0438 \u043a\u0443\u043b\u0442\u0443\u0440\u043d\u0438\u044f \u0433\u043e\u0431\u043b\u0435\u043d, \u0441\u044a\u0441\u0442\u0430\u0432\u043b\u044f\u0432\u0430\u0449 \u044e\u0433\u043e\u0441\u043b\u0430\u0432\u0441\u043a\u0430\u0442\u0430 \u043c\u0443\u0437\u0438\u043a\u0430\u043b\u043d\u0430 \u0441\u0446\u0435\u043d\u0430. \u041e\u0442 \u0437\u0430\u0440\u0430\u0437\u044f\u0432\u0430\u0449\u0438\u0442\u0435 \u0440\u0438\u0442\u043c\u0438 \u043d\u0430 \u043f\u043e\u043f \u0438 \u0440\u043e\u043a \u0434\u043e \u0432\u044a\u043b\u043d\u0443\u0432\u0430\u0449\u0438\u0442\u0435 \u0434\u0443\u0448\u0430\u0442\u0430 \u043c\u0435\u043b\u043e\u0434\u0438\u0438 \u043d\u0430 \u0444\u043e\u043b\u043a\u043b\u043e\u0440\u043d\u0438 \u0438 \u0442\u0440\u0430\u0434\u0438\u0446\u0438\u043e\u043d\u043d\u0438 \u043c\u0435\u043b\u043e\u0434\u0438\u0438, \u043d\u0438\u0435 \u0449\u0435 \u043f\u0440\u0435\u043a\u043e\u0441\u0438\u043c \u0440\u0430\u0437\u043d\u043e\u043e\u0431\u0440\u0430\u0437\u043d\u0438\u044f \u0437\u0432\u0443\u043a\u043e\u0432 \u043f\u0435\u0439\u0437\u0430\u0436, \u043e\u043f\u0440\u0435\u0434\u0435\u043b\u044f\u0449 \u0435\u0434\u043d\u0430 \u0435\u043f\u043e\u0445\u0430.<\/p>\n\n\n\n<p class=\"has-text-align-center\">\ud83d\udce2\u041f\u0440\u0438\u0441\u044a\u0435\u0434\u0438\u043d\u0435\u0442\u0435 \u0441\u0435 \u043a\u044a\u043c \u043d\u0430\u0441, \u0434\u043e\u043a\u0430\u0442\u043e \u0438\u0437\u0436\u0438\u0432\u044f\u0432\u0430\u043c\u0435 \u043e\u0442\u043d\u043e\u0432\u043e \u043c\u0435\u043b\u043e\u0434\u0438\u0438\u0442\u0435, \u043a\u043e\u0438\u0442\u043e \u043e\u0437\u0432\u0443\u0447\u0430\u0432\u0430\u0442 \u043c\u043e\u043c\u0435\u043d\u0442\u0438 \u043d\u0430 \u0440\u0430\u0434\u043e\u0441\u0442, \u043b\u044e\u0431\u043e\u0432 \u0438 \u0435\u0434\u0438\u043d\u0441\u0442\u0432\u043e. \u041d\u0435\u0437\u0430\u0432\u0438\u0441\u0438\u043c\u043e \u0434\u0430\u043b\u0438 \u0441\u0442\u0435 \u0442\u0443\u043a, \u0437\u0430 \u0434\u0430 \u0441\u0438 \u043f\u0440\u0438\u043f\u043e\u043c\u043d\u0438\u0442\u0435 \u0438\u043b\u0438 \u0434\u0430 \u043e\u0442\u043a\u0440\u0438\u0435\u0442\u0435 \u043d\u0435\u0449\u043e \u043d\u043e\u0432\u043e, \u043d\u0438\u0435 \u0441\u043c\u0435 \u0440\u0430\u0437\u0432\u044a\u043b\u043d\u0443\u0432\u0430\u043d\u0438 \u0434\u0430 \u0441\u0435 \u0432\u043f\u0443\u0441\u043d\u0435\u043c \u0432 \u0442\u043e\u0432\u0430 \u043c\u0443\u0437\u0438\u043a\u0430\u043b\u043d\u043e \u043f\u044a\u0442\u0435\u0448\u0435\u0441\u0442\u0432\u0438\u0435 \u0441 \u0432\u0430\u0441. \u0422\u0430\u043a\u0430 \u0447\u0435, \u0441\u0435\u0434\u043d\u0435\u0442\u0435 \u0443\u0434\u043e\u0431\u043d\u043e, \u0443\u0441\u0438\u043b\u0435\u0442\u0435 \u0437\u0432\u0443\u043a\u0430 \u0438 \u043e\u0441\u0442\u0430\u0432\u0435\u0442\u0435 \u043c\u0435\u043b\u043e\u0434\u0438\u0438\u0442\u0435 \u043d\u0430 \u0422\u0438\u0442\u043e \u0438 \u044e\u0433\u043e\u0441\u043b\u0430\u0432\u0441\u043a\u0430\u0442\u0430 \u043c\u0443\u0437\u0438\u043a\u0430 \u0434\u0430 \u0438\u0437\u043f\u044a\u043b\u043d\u044f\u0442 \u0441\u044a\u0440\u0446\u0435\u0442\u043e \u0438 \u0434\u0443\u0448\u0430\u0442\u0430 \u0432\u0438.<\/p>\n\n\n\n<p class=\"has-text-align-center\">\ud83c\udf1f \u041e\u0441\u0442\u0430\u043d\u0435\u0442\u0435 \u043d\u0430 \u043b\u0438\u043d\u0438\u044f!<\/p>\n\n\n\n<p class=\"has-text-align-center\">\u0420\u0430\u0434\u0432\u0430\u043c\u0435 \u0441\u0435 \u0434\u0430 \u0441\u0435 \u043f\u0440\u0438\u0441\u044a\u0435\u0434\u0438\u043d\u0438\u0442\u0435 \u043a\u044a\u043c \u043d\u0430\u0441 \u0432 \u0442\u0430\u0437\u0438 \u043c\u0443\u0437\u0438\u043a\u0430\u043b\u043d\u0430 \u0435\u043a\u0441\u043f\u0435\u0434\u0438\u0446\u0438\u044f. \u041d\u0435 \u0437\u0430\u0431\u0440\u0430\u0432\u044f\u0439\u0442\u0435 \u0434\u0430 \u043c\u0430\u0440\u043a\u0438\u0440\u0430\u0442\u0435 \u043d\u0430\u0448\u0438\u044f \u0431\u043b\u043e\u0433 \u0438 \u0434\u0430 \u0441\u0435 \u0430\u0431\u043e\u043d\u0438\u0440\u0430\u0442\u0435, \u0437\u0430 \u0434\u0430 \u0441\u0442\u0435 \u0432 \u0442\u0435\u0447\u0435\u043d\u0438\u0435 \u0441 \u043d\u0430\u0439-\u043d\u043e\u0432\u0438\u0442\u0435 \u0441\u0442\u0430\u0442\u0438\u0438, \u0444\u0443\u043d\u043a\u0446\u0438\u0438 \u0438 \u043f\u0440\u043e\u0437\u0440\u0435\u043d\u0438\u044f \u0437\u0430 \u0441\u0432\u0435\u0442\u0430 \u043d\u0430 \u0422\u0438\u0442\u043e \u0438 \u044e\u0433\u043e\u0441\u043b\u0430\u0432\u0441\u043a\u0430\u0442\u0430 \u043c\u0443\u0437\u0438\u043a\u0430. \u041d\u0435\u0437\u0430\u0432\u0438\u0441\u0438\u043c\u043e \u0434\u0430\u043b\u0438 \u0441\u0442\u0435 \u0434\u044a\u043b\u0433\u043e\u0433\u043e\u0434\u0438\u0448\u0435\u043d \u0444\u0435\u043d \u0438\u043b\u0438 \u043d\u043e\u0432 \u0432 \u0436\u0430\u043d\u0440\u0430, \u0432\u0438\u043d\u0430\u0433\u0438 \u0438\u043c\u0430 \u043d\u0435\u0449\u043e \u0432\u044a\u043b\u043d\u0443\u0432\u0430\u0449\u043e \u0437\u0430 \u043e\u0442\u043a\u0440\u0438\u0432\u0430\u043d\u0435 \u0438 \u043e\u0431\u0441\u044a\u0436\u0434\u0430\u043d\u0435.<\/p>\n\n\n\n<p class=\"has-text-align-center\">\u0411\u043b\u0430\u0433\u043e\u0434\u0430\u0440\u0438\u043c \u0432\u0438, \u0447\u0435 \u0431\u044f\u0445\u0442\u0435 \u0447\u0430\u0441\u0442 \u043e\u0442 \u043d\u0430\u0448\u0435\u0442\u043e \u043f\u044a\u0442\u0443\u0432\u0430\u043d\u0435 \u0432 \u0437\u0430\u0432\u043b\u0430\u0434\u044f\u0432\u0430\u0449\u043e\u0442\u043e \u0446\u0430\u0440\u0441\u0442\u0432\u043e \u043d\u0430 \u0422\u0438\u0442\u043e \u0438 \u044e\u0433\u043e\u0441\u043b\u0430\u0432\u0441\u043a\u0430\u0442\u0430 \u043c\u0443\u0437\u0438\u043a\u0430!<\/p>\n\n\n\n<p class=\"has-text-align-center\">\u0412\u0430\u0448 \u043c\u0435\u043b\u043e\u0434\u0438\u0447\u043d\u043e,<\/p>\n\n\n\n<p class=\"has-text-align-center\">\u041e\u0442\u0431\u043e\u0440\u044a\u0442 \u043d\u0430 \u043f\u0430\u0440\u0442\u0438\u0437\u0430\u043d\u0438\u0442\u0435<\/p>\n\n\n\n<p><\/p>\n\n\n\n<p><\/p>\n\n\n\n<p><\/p>\n\n\n\n<p><\/p>\n\n\n\n<p><\/p>\n","protected":false},"excerpt":{"rendered":"<p>Welcome to the World of Tito and Yugoslav Music! \ud83c\udfb6 Welcome to our blog dedicated to Tito and Yugoslav Music! \ud83c\udfb6 We&#8217;re thrilled to have you join us on this nostalgic journey into the rich musical heritage of Yugoslavia, a time when the country&#8217;s melodies echoed through every corner of the region. \ud83c\udfb5 Immerse Yourself [&hellip;]<\/p>\n","protected":false},"author":2,"featured_media":0,"parent":0,"menu_order":0,"comment_status":"closed","ping_status":"closed","template":"","meta":{"footnotes":""},"class_list":["post-10","page","type-page","status-publish","hentry"],"_links":{"self":[{"href":"https:\/\/partisani.net\/index.php?rest_route=\/wp\/v2\/pages\/10","targetHints":{"allow":["GET"]}}],"collection":[{"href":"https:\/\/partisani.net\/index.php?rest_route=\/wp\/v2\/pages"}],"about":[{"href":"https:\/\/partisani.net\/index.php?rest_route=\/wp\/v2\/types\/page"}],"author":[{"embeddable":true,"href":"https:\/\/partisani.net\/index.php?rest_route=\/wp\/v2\/users\/2"}],"replies":[{"embeddable":true,"href":"https:\/\/partisani.net\/index.php?rest_route=%2Fwp%2Fv2%2Fcomments&post=10"}],"version-history":[{"count":2,"href":"https:\/\/partisani.net\/index.php?rest_route=\/wp\/v2\/pages\/10\/revisions"}],"predecessor-version":[{"id":15,"href":"https:\/\/partisani.net\/index.php?rest_route=\/wp\/v2\/pages\/10\/revisions\/15"}],"wp:attachment":[{"href":"https:\/\/partisani.net\/index.php?rest_route=%2Fwp%2Fv2%2Fmedia&parent=10"}],"curies":[{"name":"wp","href":"https:\/\/api.w.org\/{rel}","templated":true}]}}